{"id":13280,"date":"2022-11-08T23:27:33","date_gmt":"2022-11-08T23:27:33","guid":{"rendered":"https:\/\/spanishboosting.com\/?page_id=13280"},"modified":"2025-06-05T14:42:06","modified_gmt":"2025-06-05T14:42:06","slug":"aviso-legal","status":"publish","type":"page","link":"https:\/\/spanishboosting.com\/es\/aviso-legal\/","title":{"rendered":"Aviso Legal"},"content":{"rendered":"<p>En cumplimiento con el art\u00edculo 10 de la Ley 34\/2002, de 11 de julio, de Servicios de la Sociedad de la Informaci\u00f3n y del Comercio Electr\u00f3nico, se exponen a continuaci\u00f3n los datos identificativos de la empresa:<\/p>\n<p><strong>COMERCIAL DIALVA, S.A.<\/strong><br \/>\n<strong>CIF: A46290292<\/strong><br \/>\n<strong>C\/ Les Moreres, 30<\/strong><br \/>\n<strong>Pol\u00edgono Industrial Virgen de la Salud<\/strong><br \/>\n<strong>46950 Xirivella, Valencia<\/strong><br \/>\n<strong>Espa\u00f1a<\/strong><br \/>\n<strong>info@spanishboosting.com<\/strong><\/p>\n<p>El acceso al sitio web www.spanishboosting.com implica la aceptaci\u00f3n de todas las condiciones siguientes:<\/p>\n<h4>Propiedad intelectual<\/h4>\n<p>Los contenidos de este sitio web, incluyendo textos, im\u00e1genes, dise\u00f1o gr\u00e1fico y c\u00f3digo fuente, est\u00e1n protegidos por la legislaci\u00f3n espa\u00f1ola sobre los derechos de propiedad intelectual e industrial a favor de COMERCIAL DIALVA, S.A.<br \/>\nPor tanto, queda totalmente prohibida su reproducci\u00f3n, distribuci\u00f3n o comunicaci\u00f3n p\u00fablica, total o parcial, sin la autorizaci\u00f3n expresa de COMERCIAL DIALVA, S.A.<\/p>\n<h4>Contenido de la Web<\/h4>\n<p>COMERCIAL DIALVA, S.A. no se hace responsable del mal uso que se realice de los contenidos de nuestra web, siendo exclusiva responsabilidad de la persona que accede o los utiliza.<\/p>\n<h4>Actualizaci\u00f3n y modificaci\u00f3n de la p\u00e1gina Web<\/h4>\n<p>COMERCIAL DIALVA, S.A. se reserva el derecho a modificar o eliminar, sin previo aviso, tanto la informaci\u00f3n contenida en su sitio web como su configuraci\u00f3n o presentaci\u00f3n. Recomendamos consultar peri\u00f3dicamente nuestra Pol\u00edtica de Privacidad para mantenerse informado sobre posibles cambios.<\/p>\n<h4>Indicaciones sobre aspectos t\u00e9cnicos<\/h4>\n<p>COMERCIAL DIALVA, S.A. no asume ninguna responsabilidad por problemas t\u00e9cnicos o fallos en los equipos inform\u00e1ticos que se produzcan durante la conexi\u00f3n a Internet, as\u00ed como por da\u00f1os que puedan ser causados por terceras personas mediante intromisiones ileg\u00edtimas fuera del control de la empresa.<\/p>\n<p>Asimismo, quedamos exentos de cualquier responsabilidad por posibles da\u00f1os o perjuicios que pueda sufrir el usuario como consecuencia de errores, defectos u omisiones en la informaci\u00f3n proporcionada, siempre que proceda de fuentes ajenas a nuestro control.<\/p>\n","protected":false},"excerpt":{"rendered":"<p>En cumplimiento con el art\u00edculo 10 de la Ley 34\/2002, de 11 de julio, de Servicios de la Sociedad de la Informaci\u00f3n y del Comercio Electr\u00f3nico, se exponen a continuaci\u00f3n los datos identificativos de la empresa: COMERCIAL DIALVA, S.A. CIF: A46290292 C\/ Les Moreres, 30 Pol\u00edgono Industrial Virgen de la Salud 46950 Xirivella, Valencia Espa\u00f1a [&hellip;]<\/p>\n","protected":false},"author":1,"featured_media":0,"parent":0,"menu_order":0,"comment_status":"closed","ping_status":"closed","template":"","meta":{"_acf_changed":false,"footnotes":""},"class_list":["post-13280","page","type-page","status-publish","hentry"],"acf":[],"_links":{"self":[{"href":"https:\/\/spanishboosting.com\/es\/wp-json\/wp\/v2\/pages\/13280","targetHints":{"allow":["GET"]}}],"collection":[{"href":"https:\/\/spanishboosting.com\/es\/wp-json\/wp\/v2\/pages"}],"about":[{"href":"https:\/\/spanishboosting.com\/es\/wp-json\/wp\/v2\/types\/page"}],"author":[{"embeddable":true,"href":"https:\/\/spanishboosting.com\/es\/wp-json\/wp\/v2\/users\/1"}],"replies":[{"embeddable":true,"href":"https:\/\/spanishboosting.com\/es\/wp-json\/wp\/v2\/comments?post=13280"}],"version-history":[{"count":8,"href":"https:\/\/spanishboosting.com\/es\/wp-json\/wp\/v2\/pages\/13280\/revisions"}],"predecessor-version":[{"id":20260,"href":"https:\/\/spanishboosting.com\/es\/wp-json\/wp\/v2\/pages\/13280\/revisions\/20260"}],"wp:attachment":[{"href":"https:\/\/spanishboosting.com\/es\/wp-json\/wp\/v2\/media?parent=13280"}],"curies":[{"name":"wp","href":"https:\/\/api.w.org\/{rel}","templated":true}]}}