{"id":3,"date":"2024-12-09T18:57:32","date_gmt":"2024-12-09T18:57:32","guid":{"rendered":"https:\/\/spanishboosting.com\/?page_id=3"},"modified":"2025-06-05T14:49:11","modified_gmt":"2025-06-05T14:49:11","slug":"politica-de-privacidad","status":"publish","type":"page","link":"https:\/\/spanishboosting.com\/es\/politica-de-privacidad\/","title":{"rendered":"Pol\u00edtica de Privacidad"},"content":{"rendered":"<p class=\" translation-block\" align=\"justify\"><strong>COMERCIAL DIALVA, S.A.<\/strong> se compromete con la privacidad de sus clientes, usuarios y contactos, al igual que todo el personal que presta servicios con nosotros. Parte de este compromiso es actuar con total transparencia en esta materia. Por ello, publicamos la siguiente informaci\u00f3n:<\/p>\n<ul>\n<li>Sobre tus derechos y el uso de este sitio web antes de facilitar tus datos;<\/li>\n<li>Sobre las medidas que garantizan la protecci\u00f3n e integridad de tus datos;<\/li>\n<li>Para que el consentimiento previo al env\u00edo de tus datos quede debidamente justificado.<\/li>\n<\/ul>\n<p>Todo ello en cumplimiento de las obligaciones legalmente establecidas en la Ley Org\u00e1nica 3\/2018, de 5 de diciembre, de Protecci\u00f3n de Datos Personales y Garant\u00eda de los Derechos Digitales, as\u00ed como en las normas espa\u00f1olas o europeas aplicables en esta materia.<\/p>\n<p>Por este motivo, todos los usuarios tienen acceso a esta informaci\u00f3n, la cual debe marcarse como le\u00edda y\/o aceptada, seg\u00fan el tipo de servicio o formulario en el que se encuentre, mediante la casilla obligatoria de aceptaci\u00f3n de la pol\u00edtica de privacidad, el aviso legal y la pol\u00edtica de cookies del sitio web.<\/p>\n<h4>1.\u2060 \u2060\u00bfQui\u00e9n es el responsable del tratamiento de tus datos?<\/h4>\n<p align=\"justify\"><strong>Identidad:<\/strong> COMERCIAL DIALVA, S.A.<br \/>\n<strong>Direcci\u00f3n:<\/strong> C\/ Les Moreres, 30 \u2013 Pol. Ind. Virgen de la Salud, 46950 Xirivella, Valencia, Espa\u00f1a<br \/>\nCIF: A46290292<br \/>\n<strong>Correo electr\u00f3nico:<\/strong> info@spanishboosting.com<\/p>\n<h4>2.\u2060 \u2060\u00bfCon qu\u00e9 finalidad tratamos tus datos?<\/h4>\n<ul>\n<li>Para permitir que te pongas en contacto con nosotros (a trav\u00e9s de los formularios de contacto).<\/li>\n<li>Para ofrecerte informaci\u00f3n sobre novedades y servicios actuales o futuros (a trav\u00e9s de newsletter o circulares).<\/li>\n<li>Si nos contactas con una consulta o solicitud, podremos pedir tu consentimiento para enviarte informaci\u00f3n tambi\u00e9n compartida con nuestros suscriptores del bolet\u00edn.<\/li>\n<\/ul>\n<p align=\"justify\">Una vez recopilados, tus datos pasar\u00e1n a formar parte de un tratamiento con las medidas de seguridad correspondientes aplicadas.<\/p>\n<h4>3.\u2060 \u2060\u00bfDurante cu\u00e1nto tiempo conservaremos tus datos?<\/h4>\n<p align=\"justify\">Los datos personales recogidos a trav\u00e9s de formularios web se conservar\u00e1n mientras dure tu relaci\u00f3n con nosotros. Una vez finalizada, los datos ser\u00e1n bloqueados (no se tratar\u00e1n) para cumplir con las obligaciones legales, y posteriormente eliminados de forma definitiva.<\/p>\n<h4>4.\u2060 \u2060\u00bfCu\u00e1l es la base legal para el tratamiento de tus datos?<\/h4>\n<p align=\"justify\">Estamos legalmente autorizados a tratar tus datos cuando nos has dado tu consentimiento expreso, lo cual se confirma al marcar la casilla correspondiente de aceptaci\u00f3n de la pol\u00edtica de privacidad.<\/p>\n<h4>5.\u2060 \u2060\u00bfSe comunicar\u00e1n tus datos a terceros?<\/h4>\n<p align=\"justify\">No. Tus datos no se ceder\u00e1n a terceros salvo obligaci\u00f3n legal o si fuese necesario para cumplir con el fin para el que fueron proporcionados.<\/p>\n<h4>6.\u2060 \u2060\u00bfQu\u00e9 derechos tienes respecto a tus datos?<\/h4>\n<p align=\"justify\">Tienes derecho a:<\/p>\n<ul>\n<li>Derecho de informaci\u00f3n: a ser informado claramente antes de la recogida de tus datos.<\/li>\n<li>Derecho de acceso: a saber qu\u00e9 datos tuyos tratamos y c\u00f3mo lo hacemos.<\/li>\n<li>Derecho de rectificaci\u00f3n: a corregir datos inexactos o incompletos.<\/li>\n<li>Derecho de supresi\u00f3n: a solicitar la eliminaci\u00f3n de tus datos cuando proceda.<\/li>\n<li>Derecho de oposici\u00f3n: a impedir determinados usos de tus datos.<\/li>\n<li>Derecho a la limitaci\u00f3n del tratamiento: a solicitar la restricci\u00f3n del tratamiento en los casos legalmente previstos.<\/li>\n<li>Derecho a la portabilidad de los datos: a recibir tus datos en un formato electr\u00f3nico reutilizable.<\/li>\n<li>Derecho a no ser objeto de decisiones automatizadas: a que no se tomen decisiones sobre ti basadas \u00fanicamente en el tratamiento automatizado de tus datos.<\/li>\n<\/ul>\n<h4>7.\u2060 \u2060\u00bfC\u00f3mo puedes ejercer tus derechos?<\/h4>\n<p align=\"justify\">Para ejercer cualquiera de tus derechos, deber\u00e1s enviar una solicitud a info@spanishboosting.com incluyendo:<\/p>\n<ol>\n<li>Fotocopia de tu DNI (o pasaporte\/documento oficial) o firma electr\u00f3nica.<\/li>\n<li>Contenido espec\u00edfico de tu solicitud y, si corresponde, documentos justificativos.<\/li>\n<li>Tu direcci\u00f3n de contacto, firma y fecha.<\/li>\n<\/ol>\n<p align=\"justify\">Si se presenta a trav\u00e9s de un representante legal, deber\u00e1 incluirse el documento que acredite dicha representaci\u00f3n. En el caso de menores de edad o personas legalmente incapacitadas, sus derechos ser\u00e1n ejercidos por su representante legal debidamente acreditado.<\/p>\n<h4>8.\u2060 \u2060\u00bfQu\u00e9 puedes hacer si no se atienden tus derechos?<\/h4>\n<p align=\"justify\">Si consideras que no hemos atendido adecuadamente tu solicitud, puedes presentar una reclamaci\u00f3n ante la Agencia Espa\u00f1ola de Protecci\u00f3n de Datos (AEPD).<\/p>\n<h4>9.\u2060 \u2060Enlaces a otros sitios web<\/h4>\n<p>Esta pol\u00edtica de privacidad se aplica \u00fanicamente a los datos personales recogidos a trav\u00e9s de nuestro sitio web.<br \/>\nEl sitio web puede contener enlaces a sitios de terceros. COMERCIAL DIALVA, S.A. no se hace responsable de las pol\u00edticas de privacidad de dichos sitios. Recomendamos leer sus respectivas pol\u00edticas al abandonar nuestro sitio.<\/p>\n<p>M\u00e1s informaci\u00f3n disponible en la Agencia Espa\u00f1ola de Protecci\u00f3n de Datos: <a href=\"http:\/\/www.agpd.es\/\" target=\"_blank\" rel=\"noopener\"><u>http:\/\/www.agpd.es\/<\/u><\/a><\/p>\n","protected":false},"excerpt":{"rendered":"<p>COMERCIAL DIALVA, S.A. se compromete con la privacidad de sus clientes, usuarios y contactos, al igual que todo el personal que presta servicios con nosotros. Parte de este compromiso es actuar con total transparencia en esta materia. Por ello, publicamos la siguiente informaci\u00f3n: Sobre tus derechos y el uso de este sitio web antes de [&hellip;]<\/p>\n","protected":false},"author":1,"featured_media":0,"parent":0,"menu_order":0,"comment_status":"closed","ping_status":"closed","template":"","meta":{"_acf_changed":false,"footnotes":""},"class_list":["post-3","page","type-page","status-publish","hentry"],"acf":[],"_links":{"self":[{"href":"https:\/\/spanishboosting.com\/es\/wp-json\/wp\/v2\/pages\/3","targetHints":{"allow":["GET"]}}],"collection":[{"href":"https:\/\/spanishboosting.com\/es\/wp-json\/wp\/v2\/pages"}],"about":[{"href":"https:\/\/spanishboosting.com\/es\/wp-json\/wp\/v2\/types\/page"}],"author":[{"embeddable":true,"href":"https:\/\/spanishboosting.com\/es\/wp-json\/wp\/v2\/users\/1"}],"replies":[{"embeddable":true,"href":"https:\/\/spanishboosting.com\/es\/wp-json\/wp\/v2\/comments?post=3"}],"version-history":[{"count":8,"href":"https:\/\/spanishboosting.com\/es\/wp-json\/wp\/v2\/pages\/3\/revisions"}],"predecessor-version":[{"id":20261,"href":"https:\/\/spanishboosting.com\/es\/wp-json\/wp\/v2\/pages\/3\/revisions\/20261"}],"wp:attachment":[{"href":"https:\/\/spanishboosting.com\/es\/wp-json\/wp\/v2\/media?parent=3"}],"curies":[{"name":"wp","href":"https:\/\/api.w.org\/{rel}","templated":true}]}}